{"id":4103,"date":"2022-05-24T19:02:12","date_gmt":"2022-05-24T19:02:12","guid":{"rendered":"https:\/\/speechneurolab.ca\/?page_id=4103"},"modified":"2022-09-12T13:52:13","modified_gmt":"2022-09-12T13:52:13","slug":"syllabo","status":"publish","type":"page","link":"https:\/\/speechneurolab.ca\/en\/syllabo\/","title":{"rendered":"SyllabO+"},"content":{"rendered":"\t\t<div data-elementor-type=\"wp-page\" data-elementor-id=\"4103\" class=\"elementor elementor-4103 elementor-712\">\n\t\t\t\t\t\t<section class=\"elementor-section elementor-top-section elementor-element elementor-element-a10adfe elementor-section-boxed elementor-section-height-default elementor-section-height-default\" data-id=\"a10adfe\" data-element_type=\"section\">\n\t\t\t\t\t\t<div class=\"elementor-container elementor-column-gap-default\">\n\t\t\t\t\t<div class=\"elementor-column elementor-col-100 elementor-top-column elementor-element elementor-element-378e033\" data-id=\"378e033\" data-element_type=\"column\">\n\t\t\t<div class=\"elementor-widget-wrap elementor-element-populated\">\n\t\t\t\t\t\t<div class=\"elementor-element elementor-element-c52a96d sf-heading--decor-bottom_line elementor-widget elementor-widget-sf-heading\" data-id=\"c52a96d\" data-element_type=\"widget\" data-widget_type=\"sf-heading.default\">\n\t\t\t\t<div class=\"elementor-widget-container\">\n\t\t\t\t\t        <div class=\"sf-heading\">\n                                    <h2 class=\"sf-heading__title\">What is SyllabO+?<\/h2>                        <div class=\"sf-heading__bottom\"><span class=\"sf-heading__line\"><\/span><\/div>        <\/div>\n        \t\t\t\t<\/div>\n\t\t\t\t<\/div>\n\t\t\t\t\t<\/div>\n\t\t<\/div>\n\t\t\t\t\t<\/div>\n\t\t<\/section>\n\t\t\t\t<section class=\"elementor-section elementor-top-section elementor-element elementor-element-b73a44f elementor-section-boxed elementor-section-height-default elementor-section-height-default\" data-id=\"b73a44f\" data-element_type=\"section\">\n\t\t\t\t\t\t<div class=\"elementor-container elementor-column-gap-default\">\n\t\t\t\t\t<div class=\"elementor-column elementor-col-50 elementor-top-column elementor-element elementor-element-ca0eea7\" data-id=\"ca0eea7\" data-element_type=\"column\">\n\t\t\t<div class=\"elementor-widget-wrap elementor-element-populated\">\n\t\t\t\t\t\t<div class=\"elementor-element elementor-element-ef64286 elementor-widget elementor-widget-text-editor\" data-id=\"ef64286\" data-element_type=\"widget\" data-widget_type=\"text-editor.default\">\n\t\t\t\t<div class=\"elementor-widget-container\">\n\t\t\t\t\t\t\t\t\t<p>We are proud to introduce SyllabO+ [SilabO+], the first corpus and database dedicated to spoken French in Qu\u00e9bec! SyllabO+ contains the recordings of 225 adult native speakers of Quebec French ranging in age from 20 to 97 years old. The recordings were made in formal contexts (e.g. courses, radio interviews) and during informal conversations, in order to represent the different language registers, which have a huge impact on word use and therefore distributional statistics. All recordings were manually transcribed to the International Phonetic Alphabet (IPA), segmented into syllables and saved as annotated xml files. Next, we created two sub-lexical databases: one for the phones and one for the syllables of spoken Quebec French. We then developed a set of analytical tools to calculate absolute and normalized frequencies, transition probabilities, and mutual information of single syllables and phones, and syllable and phone collocations. The syllable database contains 364,302 syllables (including 5,613 unique syllables). The phone database contains 830,189 phones (including 49 unique phones). The database and tools are now integrated into an\u00a0<a href=\"http:\/\/syllabo.speechneurolab.ca\/\" target=\"_blank\" rel=\"noopener\">open-access web application<\/a>. Moreover, a\u00a0<a href=\"https:\/\/speechneurolab.ca\/wp-content\/uploads\/2022\/05\/Bedard_2016_BRM.pdf\" target=\"_blank\" rel=\"noopener\">description of SyllabO+ is now published in Behavioral Research Methods<\/a>.<\/p><p>This project was started in summer 2013 and was carried out by Pascale Tremblay and her team at the Speech and Hearing Neuroscience Laboratory at Universit\u00e9 Laval. It forms the bulk of the\u00a0<a href=\"http:\/\/theses.ulaval.ca\/archimede\/meta\/32729\" target=\"_blank\" rel=\"noopener\">master thesis of Pascale B\u00e9dard, M.Sc.,<\/a>\u00a0who completed this work under the supervision of Pascale Tremblay, and in collaboration with Patrick Drouin, Ph.D., Universit\u00e9 de Montr\u00e9al, and Johanna-Pascale Roy, Ph.D., Universit\u00e9 Laval. Several other students have been involved in the project, including Anne-Marie Audet, Julie Rivard, and Claudie Ouellet. More recently, the work of Chlo\u00e9 Chagnon-Dumesnil, Mica\u00ebl Carriel and Catherine Denis has allowed us to increase the size of the corpus from 184 to 225 speakers.<\/p><p>The project was funded by the Social Sciences and Humanities Research Council of Canada (SSHRC) through an Insight Development Grant and a Connexion grant to P. Tremblay, and made possible through a Leaders Opportunity Fund (LOF) from the Canada Foundation for Innovation (CFI) also to P. Tremblay. We also thank our research centre (CERVO Brain Research Centre) where our laboratory is located, as well as Universit\u00e9 Laval.<\/p>\t\t\t\t\t\t\t\t<\/div>\n\t\t\t\t<\/div>\n\t\t\t\t\t<\/div>\n\t\t<\/div>\n\t\t\t\t<div class=\"elementor-column elementor-col-50 elementor-top-column elementor-element elementor-element-237018b\" data-id=\"237018b\" data-element_type=\"column\">\n\t\t\t<div class=\"elementor-widget-wrap elementor-element-populated\">\n\t\t\t\t\t\t<div class=\"elementor-element elementor-element-a470a2f elementor-widget elementor-widget-image\" data-id=\"a470a2f\" data-element_type=\"widget\" data-widget_type=\"image.default\">\n\t\t\t\t<div class=\"elementor-widget-container\">\n\t\t\t\t\t\t\t\t\t\t\t\t\t\t\t<img fetchpriority=\"high\" decoding=\"async\" width=\"564\" height=\"656\" src=\"https:\/\/speechneurolab.ca\/wp-content\/uploads\/2022\/05\/syllabo.jpg\" class=\"attachment-full size-full wp-image-3212\" alt=\"\" srcset=\"https:\/\/speechneurolab.ca\/wp-content\/uploads\/2022\/05\/syllabo.jpg 564w, https:\/\/speechneurolab.ca\/wp-content\/uploads\/2022\/05\/syllabo-258x300.jpg 258w, https:\/\/speechneurolab.ca\/wp-content\/uploads\/2022\/05\/syllabo-540x628.jpg 540w\" sizes=\"(max-width: 564px) 100vw, 564px\" \/>\t\t\t\t\t\t\t\t\t\t\t\t\t\t\t<\/div>\n\t\t\t\t<\/div>\n\t\t\t\t<div class=\"elementor-element elementor-element-ef70a41 elementor-align-center elementor-widget elementor-widget-button\" data-id=\"ef70a41\" data-element_type=\"widget\" data-widget_type=\"button.default\">\n\t\t\t\t<div class=\"elementor-widget-container\">\n\t\t\t\t\t\t\t\t\t<div class=\"elementor-button-wrapper\">\n\t\t\t\t\t<a class=\"elementor-button elementor-button-link elementor-size-lg\" href=\"http:\/\/syllabo.speechneurolab.ca\/\" target=\"_blank\">\n\t\t\t\t\t\t<span class=\"elementor-button-content-wrapper\">\n\t\t\t\t\t\t\t\t\t<span class=\"elementor-button-text\">Go to SyllabO+<\/span>\n\t\t\t\t\t<\/span>\n\t\t\t\t\t<\/a>\n\t\t\t\t<\/div>\n\t\t\t\t\t\t\t\t<\/div>\n\t\t\t\t<\/div>\n\t\t\t\t\t<\/div>\n\t\t<\/div>\n\t\t\t\t\t<\/div>\n\t\t<\/section>\n\t\t\t\t<section class=\"elementor-section elementor-top-section elementor-element elementor-element-7a0c282 elementor-section-boxed elementor-section-height-default elementor-section-height-default\" data-id=\"7a0c282\" data-element_type=\"section\">\n\t\t\t\t\t\t<div class=\"elementor-container elementor-column-gap-default\">\n\t\t\t\t\t<div class=\"elementor-column elementor-col-100 elementor-top-column elementor-element elementor-element-74fe5ba\" data-id=\"74fe5ba\" data-element_type=\"column\">\n\t\t\t<div class=\"elementor-widget-wrap elementor-element-populated\">\n\t\t\t\t\t\t<div class=\"elementor-element elementor-element-8ea51f0 sf-heading--decor-bottom_line elementor-widget elementor-widget-sf-heading\" data-id=\"8ea51f0\" data-element_type=\"widget\" data-widget_type=\"sf-heading.default\">\n\t\t\t\t<div class=\"elementor-widget-container\">\n\t\t\t\t\t        <div class=\"sf-heading\">\n                                    <h2 class=\"sf-heading__title\">Why SyllabO+?<\/h2>                        <div class=\"sf-heading__bottom\"><span class=\"sf-heading__line\"><\/span><\/div>        <\/div>\n        \t\t\t\t<\/div>\n\t\t\t\t<\/div>\n\t\t\t\t<section class=\"elementor-section elementor-inner-section elementor-element elementor-element-4d95463 elementor-section-boxed elementor-section-height-default elementor-section-height-default\" data-id=\"4d95463\" data-element_type=\"section\">\n\t\t\t\t\t\t<div class=\"elementor-container elementor-column-gap-default\">\n\t\t\t\t\t<div class=\"elementor-column elementor-col-50 elementor-inner-column elementor-element elementor-element-6f8a1a7\" data-id=\"6f8a1a7\" data-element_type=\"column\">\n\t\t\t<div class=\"elementor-widget-wrap elementor-element-populated\">\n\t\t\t\t\t\t<div class=\"elementor-element elementor-element-da06de5 elementor-widget elementor-widget-text-editor\" data-id=\"da06de5\" data-element_type=\"widget\" data-widget_type=\"text-editor.default\">\n\t\t\t\t<div class=\"elementor-widget-container\">\n\t\t\t\t\t\t\t\t\t<p>SyllabO+ was created to enable the scientific study of sub-lexical phenomena in oral language. No other database exists that focuses on sub-lexical phenomena in spoken Quebec French. And no other tool provides information about the use of syllables and phones as a function of age and sex of the speakers, as well as communication context. SyllabO+ is therefore a unique research tool that will serve to create controlled stimuli as well as describe the use of syllable use in Quebec French spoken language. It provides a complete list of all syllabic structures and phones in spoken French in Qu\u00e9bec as well as the distribution information of each of these structures. It will therefore greatly enhance current knowledge of the sub-lexical phenomena in spoken language. The databases can also be used to provide a linguistic description of contemporary use of spoken French in Quebec, in terms of phonological and phonetic phenomena including phonotactic rules in spoken French language, phonetic inventory, etc., The main fields of application for SyllabO+ are cognitive neuroscience of language, psycholinguistics, neurolinguistics, phonetics, phonology, and the study of first and second language learning.<\/p>\t\t\t\t\t\t\t\t<\/div>\n\t\t\t\t<\/div>\n\t\t\t\t\t<\/div>\n\t\t<\/div>\n\t\t\t\t<div class=\"elementor-column elementor-col-50 elementor-inner-column elementor-element elementor-element-ea55fb9\" data-id=\"ea55fb9\" data-element_type=\"column\">\n\t\t\t<div class=\"elementor-widget-wrap elementor-element-populated\">\n\t\t\t\t\t\t<div class=\"elementor-element elementor-element-17cd080 elementor-widget elementor-widget-image\" data-id=\"17cd080\" data-element_type=\"widget\" data-widget_type=\"image.default\">\n\t\t\t\t<div class=\"elementor-widget-container\">\n\t\t\t\t\t\t\t\t\t\t\t\t\t\t\t<img decoding=\"async\" width=\"512\" height=\"512\" src=\"https:\/\/speechneurolab.ca\/wp-content\/uploads\/2022\/05\/database_3-512.png\" class=\"attachment-full size-full wp-image-3213\" alt=\"\" srcset=\"https:\/\/speechneurolab.ca\/wp-content\/uploads\/2022\/05\/database_3-512.png 512w, https:\/\/speechneurolab.ca\/wp-content\/uploads\/2022\/05\/database_3-512-300x300.png 300w, https:\/\/speechneurolab.ca\/wp-content\/uploads\/2022\/05\/database_3-512-150x150.png 150w, https:\/\/speechneurolab.ca\/wp-content\/uploads\/2022\/05\/database_3-512-380x380.png 380w, https:\/\/speechneurolab.ca\/wp-content\/uploads\/2022\/05\/database_3-512-100x100.png 100w\" sizes=\"(max-width: 512px) 100vw, 512px\" \/>\t\t\t\t\t\t\t\t\t\t\t\t\t\t\t<\/div>\n\t\t\t\t<\/div>\n\t\t\t\t\t<\/div>\n\t\t<\/div>\n\t\t\t\t\t<\/div>\n\t\t<\/section>\n\t\t\t\t<div class=\"elementor-element elementor-element-b5e53a1 elementor-widget elementor-widget-text-editor\" data-id=\"b5e53a1\" data-element_type=\"widget\" data-widget_type=\"text-editor.default\">\n\t\t\t\t<div class=\"elementor-widget-container\">\n\t\t\t\t\t\t\t\t\t<p>SyllabO+ is also a unique source of information to support the work of clinicians. We hope that it will be used to elaborate targeted and age-appropriate speech interventions to rehabilitate speech perception and production, including strategies based on phonological awareness. It provides information on the use of different syllabic structures as a function and age and sex and communication context (formal, informal). SyllabO+ will also be a great resource in the elaboration of evaluation materials, allowing clinicians and researchers to create material controlled in terms of structure and frequency of use.<\/p><p>SyllabO+ was developed in an open access perspective to allow the research community to use it, as well as knowledge users, and thus maximize the impact of publicly funded research.The database is now available\u00a0<a href=\"http:\/\/syllabo.speechneurolab.ca\/\" target=\"_blank\" rel=\"noopener\">here<\/a>.<\/p><p>We are currently developing a third database, one with all the words in the oral language! We received new funding in December 2016 to complete the word database from the SSHRC (Connexion Program). We expect that the word database will be available in 2017! Visit our website regularly to be informed of this exciting development.<\/p>\t\t\t\t\t\t\t\t<\/div>\n\t\t\t\t<\/div>\n\t\t\t\t<section class=\"elementor-section elementor-inner-section elementor-element elementor-element-70fa691 elementor-section-boxed elementor-section-height-default elementor-section-height-default\" data-id=\"70fa691\" data-element_type=\"section\">\n\t\t\t\t\t\t<div class=\"elementor-container elementor-column-gap-default\">\n\t\t\t\t\t<div class=\"elementor-column elementor-col-50 elementor-inner-column elementor-element elementor-element-75c8345\" data-id=\"75c8345\" data-element_type=\"column\">\n\t\t\t<div class=\"elementor-widget-wrap elementor-element-populated\">\n\t\t\t\t\t\t<div class=\"elementor-element elementor-element-88e26a1 elementor-widget elementor-widget-text-editor\" data-id=\"88e26a1\" data-element_type=\"widget\" data-widget_type=\"text-editor.default\">\n\t\t\t\t<div class=\"elementor-widget-container\">\n\t\t\t\t\t\t\t\t\t<p>Visit this site regularly for information on this new and exciting development!<\/p>\t\t\t\t\t\t\t\t<\/div>\n\t\t\t\t<\/div>\n\t\t\t\t\t<\/div>\n\t\t<\/div>\n\t\t\t\t<div class=\"elementor-column elementor-col-50 elementor-inner-column elementor-element elementor-element-61c2490\" data-id=\"61c2490\" data-element_type=\"column\">\n\t\t\t<div class=\"elementor-widget-wrap\">\n\t\t\t\t\t\t\t<\/div>\n\t\t<\/div>\n\t\t\t\t\t<\/div>\n\t\t<\/section>\n\t\t\t\t\t<\/div>\n\t\t<\/div>\n\t\t\t\t\t<\/div>\n\t\t<\/section>\n\t\t\t\t<section class=\"elementor-section elementor-top-section elementor-element elementor-element-23ded92 elementor-section-stretched elementor-section-boxed elementor-section-height-default elementor-section-height-default\" data-id=\"23ded92\" data-element_type=\"section\" data-settings=\"{&quot;stretch_section&quot;:&quot;section-stretched&quot;}\">\n\t\t\t\t\t\t\t<div class=\"elementor-background-overlay\"><\/div>\n\t\t\t\t\t\t\t<div class=\"elementor-container elementor-column-gap-default\">\n\t\t\t\t\t<div class=\"elementor-column elementor-col-100 elementor-top-column elementor-element elementor-element-8ab0531\" data-id=\"8ab0531\" data-element_type=\"column\">\n\t\t\t<div class=\"elementor-widget-wrap elementor-element-populated\">\n\t\t\t\t\t\t<div class=\"elementor-element elementor-element-e8af624 sf-heading--decor-bottom_line elementor-widget elementor-widget-sf-heading\" data-id=\"e8af624\" data-element_type=\"widget\" data-widget_type=\"sf-heading.default\">\n\t\t\t\t<div class=\"elementor-widget-container\">\n\t\t\t\t\t        <div class=\"sf-heading\">\n                                    <h2 class=\"sf-heading__title\">Documentation<\/h2>                        <div class=\"sf-heading__bottom\"><span class=\"sf-heading__line\"><\/span><\/div>        <\/div>\n        \t\t\t\t<\/div>\n\t\t\t\t<\/div>\n\t\t\t\t<div class=\"elementor-element elementor-element-d185275 elementor-widget elementor-widget-text-editor\" data-id=\"d185275\" data-element_type=\"widget\" data-widget_type=\"text-editor.default\">\n\t\t\t\t<div class=\"elementor-widget-container\">\n\t\t\t\t\t\t\t\t\t<ul><li><a href=\"https:\/\/speechneurolab.ca\/wp-content\/uploads\/2022\/05\/Bedard_2016_BRM.pdf\" target=\"_blank\" rel=\"noopener\">Article<em><br \/><\/em><\/a><\/li><li><a href=\"https:\/\/speechneurolab.ca\/wp-content\/uploads\/2022\/09\/corpus_en.pdf\" target=\"_blank\" rel=\"noopener\">Summary of the information on the audio recordings<\/a><\/li><li><a href=\"https:\/\/speechneurolab.ca\/wp-content\/uploads\/2022\/09\/protocol_eng.pdf\" target=\"_blank\" rel=\"noopener\">Phonetic transcription and syllabification protocol<\/a><\/li><li><a href=\"https:\/\/speechneurolab.ca\/wp-content\/uploads\/2022\/09\/output_files_en.pdf\" target=\"_blank\" rel=\"noopener\">Description of each table of the database (with details of the calculations)<\/a><\/li><li><a href=\"https:\/\/speechneurolab.ca\/wp-content\/uploads\/2022\/09\/user_manual_eng.pdf\" target=\"_blank\" rel=\"noopener\">SyllabO+ user guide<\/a><\/li><\/ul>\t\t\t\t\t\t\t\t<\/div>\n\t\t\t\t<\/div>\n\t\t\t\t<div class=\"elementor-element elementor-element-2f697aa elementor-widget elementor-widget-button\" data-id=\"2f697aa\" data-element_type=\"widget\" data-widget_type=\"button.default\">\n\t\t\t\t<div class=\"elementor-widget-container\">\n\t\t\t\t\t\t\t\t\t<div class=\"elementor-button-wrapper\">\n\t\t\t\t\t<a class=\"elementor-button elementor-button-link elementor-size-lg\" href=\"http:\/\/syllabo.speechneurolab.ca\/\" target=\"_blank\">\n\t\t\t\t\t\t<span class=\"elementor-button-content-wrapper\">\n\t\t\t\t\t\t\t\t\t<span class=\"elementor-button-text\">Go to SyllabO+<\/span>\n\t\t\t\t\t<\/span>\n\t\t\t\t\t<\/a>\n\t\t\t\t<\/div>\n\t\t\t\t\t\t\t\t<\/div>\n\t\t\t\t<\/div>\n\t\t\t\t\t<\/div>\n\t\t<\/div>\n\t\t\t\t\t<\/div>\n\t\t<\/section>\n\t\t\t\t<section class=\"elementor-section elementor-top-section elementor-element elementor-element-5c141f3 elementor-section-boxed elementor-section-height-default elementor-section-height-default\" data-id=\"5c141f3\" data-element_type=\"section\">\n\t\t\t\t\t\t<div class=\"elementor-container elementor-column-gap-default\">\n\t\t\t\t\t<div class=\"elementor-column elementor-col-100 elementor-top-column elementor-element elementor-element-e980b8b\" data-id=\"e980b8b\" data-element_type=\"column\">\n\t\t\t<div class=\"elementor-widget-wrap elementor-element-populated\">\n\t\t\t\t\t\t<div class=\"elementor-element elementor-element-6b4e008 elementor-widget elementor-widget-image\" data-id=\"6b4e008\" data-element_type=\"widget\" data-widget_type=\"image.default\">\n\t\t\t\t<div class=\"elementor-widget-container\">\n\t\t\t\t\t\t\t\t\t\t\t\t\t\t\t<img decoding=\"async\" width=\"724\" height=\"31\" src=\"https:\/\/speechneurolab.ca\/wp-content\/uploads\/2022\/05\/SSHRC-CRSH_FIP.jpeg\" class=\"attachment-full size-full wp-image-3215\" alt=\"\" srcset=\"https:\/\/speechneurolab.ca\/wp-content\/uploads\/2022\/05\/SSHRC-CRSH_FIP.jpeg 724w, https:\/\/speechneurolab.ca\/wp-content\/uploads\/2022\/05\/SSHRC-CRSH_FIP-300x13.jpeg 300w, https:\/\/speechneurolab.ca\/wp-content\/uploads\/2022\/05\/SSHRC-CRSH_FIP-540x23.jpeg 540w, https:\/\/speechneurolab.ca\/wp-content\/uploads\/2022\/05\/SSHRC-CRSH_FIP-600x26.jpeg 600w\" sizes=\"(max-width: 724px) 100vw, 724px\" \/>\t\t\t\t\t\t\t\t\t\t\t\t\t\t\t<\/div>\n\t\t\t\t<\/div>\n\t\t\t\t\t<\/div>\n\t\t<\/div>\n\t\t\t\t\t<\/div>\n\t\t<\/section>\n\t\t\t\t<\/div>\n\t\t","protected":false},"excerpt":{"rendered":"<p>What is SyllabO+? We are proud to introduce SyllabO+ [SilabO+], the first corpus and database dedicated to spoken French in Qu\u00e9bec! SyllabO+ contains the recordings of 225 adult native speakers of Quebec French ranging in age from 20 to 97 years old. The recordings were made in formal contexts (e.g. courses, radio interviews) and during [&hellip;]<\/p>\n","protected":false},"author":5,"featured_media":0,"parent":0,"menu_order":0,"comment_status":"closed","ping_status":"closed","template":"","meta":{"footnotes":""},"class_list":["post-4103","page","type-page","status-publish","hentry"],"_links":{"self":[{"href":"https:\/\/speechneurolab.ca\/en\/wp-json\/wp\/v2\/pages\/4103","targetHints":{"allow":["GET"]}}],"collection":[{"href":"https:\/\/speechneurolab.ca\/en\/wp-json\/wp\/v2\/pages"}],"about":[{"href":"https:\/\/speechneurolab.ca\/en\/wp-json\/wp\/v2\/types\/page"}],"author":[{"embeddable":true,"href":"https:\/\/speechneurolab.ca\/en\/wp-json\/wp\/v2\/users\/5"}],"replies":[{"embeddable":true,"href":"https:\/\/speechneurolab.ca\/en\/wp-json\/wp\/v2\/comments?post=4103"}],"version-history":[{"count":24,"href":"https:\/\/speechneurolab.ca\/en\/wp-json\/wp\/v2\/pages\/4103\/revisions"}],"predecessor-version":[{"id":4734,"href":"https:\/\/speechneurolab.ca\/en\/wp-json\/wp\/v2\/pages\/4103\/revisions\/4734"}],"wp:attachment":[{"href":"https:\/\/speechneurolab.ca\/en\/wp-json\/wp\/v2\/media?parent=4103"}],"curies":[{"name":"wp","href":"https:\/\/api.w.org\/{rel}","templated":true}]}}